{"id":16,"date":"2026-02-01T10:48:46","date_gmt":"2026-02-01T10:48:46","guid":{"rendered":"https:\/\/elaim.fr\/?page_id=16"},"modified":"2026-03-05T11:40:17","modified_gmt":"2026-03-05T11:40:17","slug":"accueil","status":"publish","type":"page","link":"https:\/\/elaim.fr\/","title":{"rendered":"Bienvenue"},"content":{"rendered":"\n<div class=\"wp-block-group is-nowrap is-layout-flex wp-container-core-group-is-layout-ad2f72ca wp-block-group-is-layout-flex\">\n<p class=\"has-black-color has-white-background-color has-text-color has-background has-link-color\" style=\"width: 340px; font-size: 14px;\">ELAIM est un groupe fran\u00e7ais de rock anglais n\u00e9 en 1998 sous le nom LM. Sa musique puise dans l\u2019\u00e9nergie du rock des ann\u00e9es 2000 jusqu\u2019\u00e0 aujourd\u2019hui, avec des influences assum\u00e9es telles que Arctic Monkeys, The Black Keys, The Strokes ou encore The Red Hot Chili Peppers.<br><br>En 2025, le groupe se r\u00e9invente et adopte un nouveau nom : ELAIM, affirmant un style r\u00e9solument so british, \u00e0 la fois moderne et authentique.<br><br>Le quatuor est compos\u00e9 de Hugo (chant\/guitare), Fabien (guitare), Olivier (basse) et J\u00e9r\u00f4me (batterie). Ensemble, ils m\u00ealent leurs influences, leur exp\u00e9rience et leur sens du collectif pour servir des morceaux sinc\u00e8res et \u00e9nergiques.<\/p>\n\n\n\n<style>\n.album-links {\n    text-align: center;\n    margin: 40px 0;\nwidth: 340px;\n}\n\n.album-links h2 {\n    margin-bottom: 20px;\n}\n\n.platforms {\n    display: flex;\n    justify-content: center;\n    gap: 20px;\n    flex-wrap: wrap;\n}\n\n.platforms img {\n    width: 60px;\n    height: auto;\n    transition: transform 0.2s;\nfilter: brightness(0) invert(1);\n}\n\n.platforms img:hover {\n    transform: scale(1.15);\n}\n<\/style>\n<div class=\"album-links\">\n    <h2>\u00c9couter notre premier titre !<\/h2>\n\n    <div class=\"platforms\">\n        <a href=\"https:\/\/open.spotify.com\/track\/7D0A9LFIJbtVdaoVbn7vo7?si=2yt-kvQpSwC0gMtyDUoasw\" target=\"_blank\">\n            <img decoding=\"async\" src=\"https:\/\/cdn.jsdelivr.net\/npm\/simple-icons@v16\/icons\/spotify.svg\" alt=\"Spotify\">\n        <\/a>\n\n        <a href=\"https:\/\/link.deezer.com\/s\/32CiLfCbs6xxtPQEbs1pQ\" target=\"_blank\">\n            <img decoding=\"async\" src=\"https:\/\/cdn.jsdelivr.net\/npm\/simple-icons@v16\/icons\/deezer.svg\" alt=\"Deezer\">\n        <\/a>\n\n        <a href=\"https:\/\/music.apple.com\/fr\/album\/get-burned\/1875276442?i=1875276445\" target=\"_blank\">\n            <img decoding=\"async\" src=\"https:\/\/cdn.jsdelivr.net\/npm\/simple-icons@v16\/icons\/applemusic.svg\" alt=\"Apple Music\">\n        <\/a>\n\n        <a href=\"https:\/\/music.youtube.com\/watch?v=bmmd7KUeafo&#038;si=6aGFhce53LiRfZeg\" target=\"_blank\">\n            <img decoding=\"async\" src=\"https:\/\/cdn.jsdelivr.net\/npm\/simple-icons@v16\/icons\/youtubemusic.svg\" alt=\"YouTube\">\n        <\/a>\n    <\/div>\n<\/div>\n<\/div>\n\n\n\n<p><\/p>\n\n\n\n<p><\/p>\n\n\n\n<p><\/p>\n\n\n\n<p><\/p>\n\n\n\n<p><\/p>\n\n\n\n<p><\/p>\n\n\n\n<p><\/p>\n\n\n\n<p><\/p>\n\n\n\n<p><\/p>\n\n\n\n<p><\/p>\n\n\n\n<p><\/p>\n\n\n\n<p><\/p>\n\n\n\n<p><\/p>\n\n\n\n<p><\/p>\n\n\n\n<p><\/p>\n\n\n\n<p><\/p>\n\n\n\n<p><\/p>\n","protected":false},"excerpt":{"rendered":"<p>ELAIM est un groupe fran\u00e7ais de rock anglais n\u00e9 en 1998 sous le nom LM. Sa musique puise dans l\u2019\u00e9nergie du rock des ann\u00e9es 2000 jusqu\u2019\u00e0 aujourd\u2019hui, avec des influences assum\u00e9es telles que Arctic Monkeys, The Black Keys, The Strokes ou encore The Red Hot Chili Peppers. En 2025, le groupe se r\u00e9invente et adopte [&hellip;]<\/p>\n","protected":false},"author":1,"featured_media":0,"parent":0,"menu_order":0,"comment_status":"closed","ping_status":"closed","template":"","meta":{"footnotes":""},"class_list":["post-16","page","type-page","status-publish","hentry"],"_links":{"self":[{"href":"https:\/\/elaim.fr\/index.php\/wp-json\/wp\/v2\/pages\/16","targetHints":{"allow":["GET"]}}],"collection":[{"href":"https:\/\/elaim.fr\/index.php\/wp-json\/wp\/v2\/pages"}],"about":[{"href":"https:\/\/elaim.fr\/index.php\/wp-json\/wp\/v2\/types\/page"}],"author":[{"embeddable":true,"href":"https:\/\/elaim.fr\/index.php\/wp-json\/wp\/v2\/users\/1"}],"replies":[{"embeddable":true,"href":"https:\/\/elaim.fr\/index.php\/wp-json\/wp\/v2\/comments?post=16"}],"version-history":[{"count":43,"href":"https:\/\/elaim.fr\/index.php\/wp-json\/wp\/v2\/pages\/16\/revisions"}],"predecessor-version":[{"id":98,"href":"https:\/\/elaim.fr\/index.php\/wp-json\/wp\/v2\/pages\/16\/revisions\/98"}],"wp:attachment":[{"href":"https:\/\/elaim.fr\/index.php\/wp-json\/wp\/v2\/media?parent=16"}],"curies":[{"name":"wp","href":"https:\/\/api.w.org\/{rel}","templated":true}]}}